{"id":10275,"date":"2022-12-04T08:31:12","date_gmt":"2022-12-04T08:31:12","guid":{"rendered":"http:\/\/promediccomvn469.chiliweb.org\/san-pham\/peni-tab-2\/"},"modified":"2022-12-07T11:30:38","modified_gmt":"2022-12-07T11:30:38","slug":"peni-tab-2","status":"publish","type":"product","link":"https:\/\/promediccomvn469.chiliweb.org\/vi\/san-pham\/peni-tab-2\/","title":{"rendered":"Peni tab"},"content":{"rendered":"<p><strong><span>VI\u00caN U\u1ed0NG\u00a0<\/span><\/strong><strong><span>KH\u1eec VI\u00caM CHO\u00a0<\/span><\/strong><strong><span>CH\u00d3\u00a0<\/span><\/strong><strong><span>M\u00c8O<\/span><\/strong><\/p>\n<p><strong><span>TH\u00c0NH PH\u1ea6N\u00a0<\/span><\/strong><strong><span>:<\/span><\/strong><span>\u00a0M\u1ed7i vi\u00ean n\u00e9n 200mg ch\u1ee9a:<\/span><\/p>\n<ul>\n<li><span>Prednisolon\u2026\u2026\u2026\u2026\u2026\u2026\u2026\u2026 5mg<\/span><\/li>\n<\/ul>\n<p><strong><span>CH\u1ec8 \u0110\u1ecaNH\u00a0<\/span><\/strong><strong><span>:<\/span><\/strong><\/p>\n<ul>\n<li><span>B\u1ec7nh \u0111\u01b0\u1eddng h\u00f4 h\u1ea5p: hen suy\u1ec5n ho\u1eb7c nhi\u1ec5m tr\u00f9ng \u0111\u01b0\u1eddng h\u00f4 h\u1ea5p.<\/span><\/li>\n<li><span>B\u1ec7nh ngo\u00e0i da: r\u1ed1i lo\u1ea1n da, d\u1ecb \u1ee9ng da li\u1ec5u, gi\u1ea3m ng\u1ee9a da v\u00e0 s\u01b0ng t\u1ea5y do d\u1ecb \u1ee9ng.<\/span><\/li>\n<li><span>N\u00f3 \u0111\u01b0\u1ee3c y\u00eau c\u1ea7u nh\u01b0 m\u1ed9t ch\u1ea5t b\u1ed5 sung trong r\u1ed1i lo\u1ea1n tuy\u1ebfn th\u01b0\u1ee3ng th\u1eadn, b\u1ec7nh Addison.<\/span><\/li>\n<li><span>H\u1ed9i ch\u1ee9ng ru\u1ed9t k\u00edch th\u00edch.<\/span><\/li>\n<\/ul>\n<p><strong><span>LI\u1ec0U L\u01af\u1ee2NG V\u00c0 C\u00c1CH\u00a0<\/span><\/strong><strong><span>D\u00d9NG:<\/span><\/strong><\/p>\n<p><span>Li\u1ec1u l\u01b0\u1ee3ng ho\u00e0n to\u00e0n ph\u1ee5 thu\u1ed9c v\u00e0o con ch\u00f3 c\u1ee7a b\u1ea1n v\u00e0 b\u00e1c s\u0129 th\u00fa y c\u1ee7a b\u1ea1n ngh\u0129 g\u00ec.\u00a0V\u00ec v\u1eady, s\u1ebd kh\u00f4ng cung c\u1ea5p cho b\u1ea1n b\u1ea5t c\u1ee9 \u0111i\u1ec1u g\u00ec c\u1ee5 th\u1ec3.\u00a0Vi\u1ec7c th\u1ef1c h\u00e0nh li\u1ec1u l\u01b0\u1ee3ng chung l\u00e0 cung c\u1ea5p cho:<\/span><\/p>\n<ul>\n<li><span>Ch\u00f3: 0,5-0mg\/kg<\/span><\/li>\n<li><span>M\u00e8o: 1-2mg\/kg<\/span><\/li>\n<\/ul>\n<p><span>Li\u1ec1u ban \u0111\u1ea7u n\u00ean \u0111\u01b0\u1ee3c d\u00f9ng d\u01b0\u1edbi d\u1ea1ng li\u1ec1u \u0111\u01a1n ho\u1eb7c chia nh\u1ecf v\u00e0 sau \u0111\u00f3 gi\u1ea3m d\u1ea7n sau m\u1ed7i 48 gi\u1edd.<\/span><\/p>\n<p><strong><span>C\u1ea2NH B\u00c1O\u00a0<\/span><\/strong><strong><span>:<\/span><\/strong><\/p>\n<p><span>V\u1eadt nu\u00f4i b\u1ecb nhi\u1ec5m n\u1ea5m to\u00e0n th\u00e2n, m\u1ed9t s\u1ed1 lo\u1ea1i mange, lo\u00e9t d\u1ea1 d\u00e0y, b\u1ec7nh Cushing, huy\u1ebft \u00e1p cao, b\u1ec7nh th\u1eadn, b\u1ec7nh gan, ti\u1ec3u \u0111\u01b0\u1eddng ho\u1eb7c b\u1ec7nh tim kh\u00f4ng n\u00ean d\u00f9ng thu\u1ed1c n\u00e0y.\u00a0Ch\u00f3 mang thai v\u00e0 cho con b\u00fa kh\u00f4ng n\u00ean d\u00f9ng Prednisolone.\u00a0Nh\u1eefng con ch\u00f3 b\u1ecb d\u1ecb \u1ee9ng v\u1edbi Prednisolone ho\u1eb7c thu\u1ed1c t\u01b0\u01a1ng t\u1ef1 kh\u00f4ng n\u00ean d\u00f9ng thu\u1ed1c n\u00e0y.<\/span><\/p>\n<p><span>Thu\u1ed1c n\u00e0y \u0111\u01b0\u1ee3c FDA ch\u1ea5p thu\u1eadn \u0111\u1ec3 s\u1eed d\u1ee5ng cho ch\u00f3.\u00a0Tuy nhi\u00ean, th\u00f4ng th\u01b0\u1eddng c\u00e1c b\u00e1c s\u0129 th\u00fa y s\u1ebd k\u00ea \u0111\u01a1n nh\u1eefng lo\u1ea1i thu\u1ed1c nh\u01b0 v\u1eady \u0111\u1ec3 s\u1eed d\u1ee5ng cho m\u00e8o.<\/span><\/p>\n<p><strong><span>QUY C\u00c1CH <\/span><\/strong><strong><span>:<\/span><\/strong><span>\u00a0H\u1ed9p 10 v\u1ec9 x 10 vi\u00ean.<\/span><\/p>\n<p><strong><span>Rgt.No:<\/span><\/strong><span>\u00a0APC \u2013 203<\/span><\/p>\n<p><strong><span>KHO:<\/span><\/strong><\/p>\n<p><strong><span>CH\u1ec8 D\u00c0NH CHO TH\u00da Y<\/span><\/strong><\/p>\n<p><strong><span>Mfg.date \u2013 Exp.date \u2013 L\u00f4:<\/span><\/strong><span>\u00a0\u0111\u01b0\u1ee3c hi\u1ec3n th\u1ecb tr\u00ean bao b\u00ec.<\/span><\/p>\n<p><strong>S\u1ea3n xu\u1ea5t t\u1ea1i:<\/strong> <strong>C\u00f4ng ty TNHH Thu\u1ed1c Th\u00fa Y \u00c1 Ch\u00e2u.<\/strong><\/p>\n<p><strong>\u0110\u1ecba ch\u1ec9:<\/strong> 130 Qu\u1ed1c l\u1ed9 1A, P. Ba L\u00e1ng, Q. C\u00e1i R\u0103ng, TP. C\u1ea7n Th\u01a1, Vi\u1ec7t Nam.<\/p>\n<p><strong>\u0110i\u1ec7n tho\u1ea1i:<\/strong> <a href=\"tel:+842923913347\">(+84).292.3913347<\/a> &#8211; <a href=\"tel:3913348\">3913348<\/a> &#8211; FAX: (+84).292.3913349<\/p>\n","protected":false},"excerpt":{"rendered":"<p>VI\u00caN U\u1ed0NG\u00a0KH\u1eec VI\u00caM CHO\u00a0CH\u00d3\u00a0M\u00c8O TH\u00c0NH PH\u1ea6N\u00a0:\u00a0M\u1ed7i vi\u00ean n\u00e9n 200mg ch\u1ee9a: Prednisolon\u2026\u2026\u2026\u2026\u2026\u2026\u2026\u2026 5mg CH\u1ec8 \u0110\u1ecaNH\u00a0: B\u1ec7nh \u0111\u01b0\u1eddng h\u00f4 h\u1ea5p: hen suy\u1ec5n ho\u1eb7c nhi\u1ec5m tr\u00f9ng \u0111\u01b0\u1eddng h\u00f4 h\u1ea5p. B\u1ec7nh ngo\u00e0i da: r\u1ed1i lo\u1ea1n da, d\u1ecb \u1ee9ng da li\u1ec5u, gi\u1ea3m ng\u1ee9a da v\u00e0 s\u01b0ng t\u1ea5y do d\u1ecb \u1ee9ng. N\u00f3 \u0111\u01b0\u1ee3c y\u00eau c\u1ea7u nh\u01b0 m\u1ed9t ch\u1ea5t b\u1ed5 sung trong [&hellip;]<\/p>\n","protected":false},"featured_media":10214,"comment_status":"open","ping_status":"closed","template":"","meta":[],"product_cat":[89],"product_tag":[],"_links":{"self":[{"href":"https:\/\/promediccomvn469.chiliweb.org\/vi\/wp-json\/wp\/v2\/product\/10275"}],"collection":[{"href":"https:\/\/promediccomvn469.chiliweb.org\/vi\/wp-json\/wp\/v2\/product"}],"about":[{"href":"https:\/\/promediccomvn469.chiliweb.org\/vi\/wp-json\/wp\/v2\/types\/product"}],"replies":[{"embeddable":true,"href":"https:\/\/promediccomvn469.chiliweb.org\/vi\/wp-json\/wp\/v2\/comments?post=10275"}],"wp:featuredmedia":[{"embeddable":true,"href":"https:\/\/promediccomvn469.chiliweb.org\/vi\/wp-json\/wp\/v2\/media\/10214"}],"wp:attachment":[{"href":"https:\/\/promediccomvn469.chiliweb.org\/vi\/wp-json\/wp\/v2\/media?parent=10275"}],"wp:term":[{"taxonomy":"product_cat","embeddable":true,"href":"https:\/\/promediccomvn469.chiliweb.org\/vi\/wp-json\/wp\/v2\/product_cat?post=10275"},{"taxonomy":"product_tag","embeddable":true,"href":"https:\/\/promediccomvn469.chiliweb.org\/vi\/wp-json\/wp\/v2\/product_tag?post=10275"}],"curies":[{"name":"wp","href":"https:\/\/api.w.org\/{rel}","templated":true}]}}