{"id":10276,"date":"2022-12-04T08:24:40","date_gmt":"2022-12-04T08:24:40","guid":{"rendered":"http:\/\/promediccomvn469.chiliweb.org\/san-pham\/oxy-tab-500-2\/"},"modified":"2022-12-07T11:30:38","modified_gmt":"2022-12-07T11:30:38","slug":"oxy-tab-500-2","status":"publish","type":"product","link":"https:\/\/promediccomvn469.chiliweb.org\/vi\/san-pham\/oxy-tab-500-2\/","title":{"rendered":"Oxy &#8211; tab 500"},"content":{"rendered":"<p><strong>VI\u00caN\u00a0U\u1ed0NG \u0110I\u1ec0U TR\u1eca NHI\u1ec4M KHU\u1ea8N TI\u00caU H\u00d3A, H\u00d4 H\u1ea4P\u00a0<\/strong><\/p>\n<p><strong>TH\u00c0NH PH\u1ea6N:<\/strong>\u00a0M\u1ed7i vi\u00ean n\u00e9n 5g ch\u1ee9a:<\/p>\n<ul>\n<li>Oxytetracycline HCl\u2026\u2026\u2026\u2026\u2026\u2026\u2026\u2026\u2026\u2026\u2026 500mg<\/li>\n<\/ul>\n<p><strong>CH\u1ec8 \u0110\u1ecaNH:<\/strong>\u00a0\u0110i\u1ec1u tr\u1ecb c\u00e1c b\u1ec7nh nhi\u1ec5m tr\u00f9ng \u0111\u01b0\u1eddng ti\u00eau h\u00f3a v\u00e0 h\u00f4 h\u1ea5p tr\u00ean b\u00f2 th\u1ecbt v\u00e0 b\u00ea s\u1eefa do c\u1ea3 vi khu\u1ea9n g\u00e2y b\u1ec7nh gram d\u01b0\u01a1ng v\u00e0 gram \u00e2m nh\u1ea1y c\u1ea3m v\u1edbi oxytetracycline: vi\u00eam ru\u1ed9t do vi khu\u1ea9n (l\u1edf, ti\u00eau ch\u1ea3y) do Salmonella Typhimurium v\u00e0 Escherichia coli (colibacillosis);\u00a0vi\u00eam ph\u1ed5i do vi khu\u1ea9n (ph\u1ee9c h\u1ee3p s\u1ed1t v\u1eadn chuy\u1ec3n, t\u1ee5 huy\u1ebft tr\u00f9ng) do Pasteurella multocida g\u00e2y ra.<\/p>\n<p><strong>LI\u1ec0U L\u01af\u1ee2NG V\u00c0 C\u00c1CH D\u00d9NG:<\/strong><\/p>\n<p>\u0110\u1ed1i v\u1edbi \u0111\u01b0\u1eddng u\u1ed1ng tr\u1ef1c ti\u1ebfp:<\/p>\n<ul>\n<li>Gia s\u00fac, b\u00ea s\u1eefa: 1 vi\u00ean\/45kg th\u1ec3 tr\u1ecdng. C\u1ee9 sau 12 gi\u1edd v\u00e0 trong t\u1ed1i \u0111a 4 ng\u00e0y li\u00ean ti\u1ebfp.<\/li>\n<\/ul>\n<p><strong>Th\u1eddi gian r\u00fat ti\u1ec1n\u00a0<\/strong><strong>:<\/strong><\/p>\n<ul>\n<li>\u0110\u1ed1i v\u1edbi th\u1ecbt: 7 ng\u00e0y.<\/li>\n<\/ul>\n<p><strong>CH\u1ed0NG CH\u1ec8 \u0110\u1ecaNH:<\/strong>\u00a0Kh\u00f4ng d\u00f9ng cho b\u00ea c\u00f3 d\u1ea1 c\u1ecf ho\u1ea1t \u0111\u1ed9ng b\u00ecnh th\u01b0\u1eddng.<\/p>\n<p><strong>TH\u1eacN TR\u1eccNG:<\/strong>\u00a0S\u1eed d\u1ee5ng tetracyclin trong th\u1eddi k\u1ef3 r\u0103ng \u0111ang ph\u00e1t tri\u1ec3n, bao g\u1ed3m c\u1ea3 th\u1eddi k\u1ef3 mang thai, c\u00f3 th\u1ec3 d\u1eabn \u0111\u1ebfn \u0111\u1ed5i m\u00e0u r\u0103ng.<\/p>\n<p><strong>Quy c\u00e1ch \u0111\u00f3ng g\u00f3i:<\/strong>\u00a0H\u1ed9p 8 v\u1ec9 x 6 vi\u00ean.<\/p>\n<p><strong>S\u1ed1 th\u1ee9 t\u1ef1<\/strong>\u00a0: APC\u201317 \u2013 XK<\/p>\n<p><strong>L\u01afU TR\u1eee<\/strong>\u00a0:<\/p>\n<p><strong>CH\u1ec8 D\u00c0NH CHO TH\u00da Y.<\/strong><\/p>\n<p><strong>Mfg.date \u2013 Exp.date \u2013 L\u00f4:<\/strong>\u00a0\u0111\u01b0\u1ee3c hi\u1ec3n th\u1ecb tr\u00ean bao b\u00ec.<\/p>\n<p><strong>S\u1ea3n xu\u1ea5t t\u1ea1i:<\/strong> <strong>C\u00f4ng ty TNHH Thu\u1ed1c Th\u00fa Y \u00c1 Ch\u00e2u.<\/strong><\/p>\n<p><strong>\u0110\u1ecba ch\u1ec9:<\/strong> 130 Qu\u1ed1c l\u1ed9 1A, P. Ba L\u00e1ng, Q. C\u00e1i R\u0103ng, TP. C\u1ea7n Th\u01a1, Vi\u1ec7t Nam.<\/p>\n<p><strong>\u0110i\u1ec7n tho\u1ea1i:<\/strong> <a href=\"tel:+842923913347\">(+84).292.3913347<\/a> &#8211; <a href=\"tel:3913348\">3913348<\/a> &#8211; FAX: (+84).292.3913349<\/p>\n","protected":false},"excerpt":{"rendered":"<p>VI\u00caN\u00a0U\u1ed0NG \u0110I\u1ec0U TR\u1eca NHI\u1ec4M KHU\u1ea8N TI\u00caU H\u00d3A, H\u00d4 H\u1ea4P\u00a0 TH\u00c0NH PH\u1ea6N:\u00a0M\u1ed7i vi\u00ean n\u00e9n 5g ch\u1ee9a: Oxytetracycline HCl\u2026\u2026\u2026\u2026\u2026\u2026\u2026\u2026\u2026\u2026\u2026 500mg CH\u1ec8 \u0110\u1ecaNH:\u00a0\u0110i\u1ec1u tr\u1ecb c\u00e1c b\u1ec7nh nhi\u1ec5m tr\u00f9ng \u0111\u01b0\u1eddng ti\u00eau h\u00f3a v\u00e0 h\u00f4 h\u1ea5p tr\u00ean b\u00f2 th\u1ecbt v\u00e0 b\u00ea s\u1eefa do c\u1ea3 vi khu\u1ea9n g\u00e2y b\u1ec7nh gram d\u01b0\u01a1ng v\u00e0 gram \u00e2m nh\u1ea1y c\u1ea3m v\u1edbi oxytetracycline: vi\u00eam ru\u1ed9t do [&hellip;]<\/p>\n","protected":false},"featured_media":10210,"comment_status":"open","ping_status":"closed","template":"","meta":[],"product_cat":[118],"product_tag":[],"_links":{"self":[{"href":"https:\/\/promediccomvn469.chiliweb.org\/vi\/wp-json\/wp\/v2\/product\/10276"}],"collection":[{"href":"https:\/\/promediccomvn469.chiliweb.org\/vi\/wp-json\/wp\/v2\/product"}],"about":[{"href":"https:\/\/promediccomvn469.chiliweb.org\/vi\/wp-json\/wp\/v2\/types\/product"}],"replies":[{"embeddable":true,"href":"https:\/\/promediccomvn469.chiliweb.org\/vi\/wp-json\/wp\/v2\/comments?post=10276"}],"wp:featuredmedia":[{"embeddable":true,"href":"https:\/\/promediccomvn469.chiliweb.org\/vi\/wp-json\/wp\/v2\/media\/10210"}],"wp:attachment":[{"href":"https:\/\/promediccomvn469.chiliweb.org\/vi\/wp-json\/wp\/v2\/media?parent=10276"}],"wp:term":[{"taxonomy":"product_cat","embeddable":true,"href":"https:\/\/promediccomvn469.chiliweb.org\/vi\/wp-json\/wp\/v2\/product_cat?post=10276"},{"taxonomy":"product_tag","embeddable":true,"href":"https:\/\/promediccomvn469.chiliweb.org\/vi\/wp-json\/wp\/v2\/product_tag?post=10276"}],"curies":[{"name":"wp","href":"https:\/\/api.w.org\/{rel}","templated":true}]}}