{"id":10289,"date":"2022-12-04T06:51:49","date_gmt":"2022-12-04T06:51:49","guid":{"rendered":"http:\/\/promediccomvn469.chiliweb.org\/san-pham\/max-vit-c-2\/"},"modified":"2022-12-07T11:31:16","modified_gmt":"2022-12-07T11:31:16","slug":"max-vit-c","status":"publish","type":"product","link":"https:\/\/promediccomvn469.chiliweb.org\/vi\/san-pham\/max-vit-c\/","title":{"rendered":"Max &#8211; vit c"},"content":{"rendered":"<p><strong><span>TR\u1eca R\u1ed0I LO\u1ea0N C\u01a0, M\u1ec6T M\u1eceI ,\u00a0<\/span><\/strong><span><strong>B\u1ed8T\u00a0<\/strong><\/span><strong><span>CUNG C\u1ea4P N\u0102NG L\u01af\u1ee2NG<\/span><\/strong><\/p>\n<p><strong><span>TH\u00c0NH PH\u1ea6N:<\/span><\/strong><\/p>\n<ul>\n<li><span>Canxi cacbonat\u2026\u2026\u2026\u2026\u2026\u2026\u2026\u2026.\u2026\u2026\u00a0212,500 mg<\/span><\/li>\n<li><span>Canxi clorua\u2026\u2026\u2026\u2026\u2026\u2026\u2026\u2026\u2026\u2026\u2026.\u2026\u00a015.000 mg<\/span><\/li>\n<li><span>Canxi pantothenate\u2026\u2026\u2026\u2026\u2026\u2026\u2026\u2026\u2026\u2026 3.000mg<\/span><\/li>\n<li><span>Dextrose monohydrat\u2026\u2026\u2026\u2026\u2026\u2026.\u2026.\u00a0100.000 mg<\/span><\/li>\n<li><span>Magi\u00ea\u2026\u2026\u2026\u2026\u2026\u2026\u2026\u2026\u2026\u2026\u2026\u2026\u2026\u2026.\u2026\u00a015.000mg<\/span><\/li>\n<li><span>Kali cacbonat\u2026\u2026\u2026\u2026\u2026\u2026\u2026\u2026..\u2026\u2026\u2026 120.000mg<\/span><\/li>\n<li><span>Kali clorua\u2026\u2026\u2026\u2026\u2026\u2026\u2026\u2026\u2026..\u2026\u2026\u2026\u2026 24.000mg<\/span><\/li>\n<li><span>Kali gluconat\u2026\u2026\u2026\u2026\u2026\u2026\u2026\u2026.\u2026\u2026\u2026\u2026\u00a095.000 mg<\/span><\/li>\n<li><span>Natri bicacbonat\u2026\u2026\u2026\u2026\u2026\u2026\u2026\u2026\u2026\u2026\u2026\u00a085.000mg<\/span><\/li>\n<li><span>Natri clorid\u2026\u2026\u2026\u2026\u2026\u2026\u2026\u2026\u2026\u2026\u2026\u2026\u2026 250.000mg<\/span><\/li>\n<li><span>Vitamin B1\u2026\u2026\u2026\u2026\u2026\u2026\u2026\u2026\u2026\u2026\u2026\u2026\u2026\u2026 2.000mg<\/span><\/li>\n<li><span>Vitamin B2\u2026\u2026\u2026\u2026\u2026\u2026\u2026\u2026\u2026\u2026\u2026\u2026\u2026\u2026 2.200mg<\/span><\/li>\n<li><span>Vitamin B6\u2026\u2026\u2026\u2026\u2026\u2026\u2026\u2026\u2026\u2026\u2026\u2026\u2026\u2026 2.000mg<\/span><\/li>\n<li><span>Vitamin E\u2026\u2026\u2026\u2026\u2026\u2026\u2026\u2026\u2026\u2026\u2026\u2026\u2026\u2026 30.000mg<\/span><\/li>\n<li><span>Vitamin C\u2026\u2026\u2026\u2026\u2026\u2026\u2026\u2026\u2026\u2026\u2026\u2026\u2026\u2026 11.250mg<\/span><\/li>\n<li><span>T\u00e1 d\u01b0\u1ee3c v\u1eeba \u0111\u1ee7\u2026\u2026\u2026\u2026\u2026\u2026\u2026\u2026\u2026\u2026\u2026\u2026\u2026\u2026 1kg<\/span><\/li>\n<\/ul>\n<p><strong><span>CH\u1ec8 \u0110\u1ecaNH:<\/span><\/strong><\/p>\n<ul>\n<li><span>B\u1ed5 sung vitamin nh\u00f3m B v\u00e0 vitamin C.<\/span><\/li>\n<li><span>Ph\u00f2ng ch\u1ed1ng h\u1ed9i ch\u1ee9ng c\u0103ng th\u1eb3ng.<\/span><\/li>\n<li><span>Cung c\u1ea5p n\u0103ng l\u01b0\u1ee3ng trong qu\u00e1 tr\u00ecnh t\u1eadp luy\u1ec7n ho\u1eb7c tr\u01b0\u1edbc v\u00e0 sau cu\u1ed9c \u0111ua.<\/span><\/li>\n<\/ul>\n<p><strong><span>LI\u1ec0U L\u01af\u1ee2NG V\u00c0 C\u00c1CH D\u00d9NG: N\u00ean b\u1ed5 sung\u00a0<\/span><\/strong><strong><span>MAX \u2013 VIT C<\/span><\/strong><span>\u00a0v\u00e0o th\u1ee9c \u0103n b\u00ecnh th\u01b0\u1eddng.\u00a0\u0110\u1ed1i v\u1edbi cu\u1ed9c \u0111ua tr\u01b0\u1edbc v\u00e0 sau cu\u1ed9c thi.<\/span><\/p>\n<ul>\n<li><span>Ng\u1ef1a:<\/span>\n<ul>\n<li><span>\u1ede v\u00f9ng kh\u00ed h\u1eadu n\u00f3ng v\u00e0 qu\u00e1 c\u1ea3nh: 50g m\u1ed7i ng\u00e0y.<\/span><\/li>\n<li><span>Khi t\u1eadp nh\u1eb9: 50g m\u1ed7i ng\u00e0y th\u1ee9 hai.<\/span><\/li>\n<\/ul>\n<\/li>\n<li><span>Gia s\u00fac: 75g m\u1ed7i ng\u00e0y th\u1ee9 hai.<\/span><\/li>\n<li><span>l\u1ea1c \u0111\u00e0:<\/span>\n<ul>\n<li><span>\u1ede v\u00f9ng kh\u00ed h\u1eadu n\u00f3ng v\u00e0 qu\u00e1 c\u1ea3nh: 100g m\u1ed7i ng\u00e0y.<\/span><\/li>\n<li><span>Khi t\u1eadp nh\u1eb9: 75g m\u1ed7i ng\u00e0y th\u1ee9 hai.<\/span><\/li>\n<\/ul>\n<\/li>\n<\/ul>\n<p><strong><span>Kh\u1ed1i l\u01b0\u1ee3ng t\u1ecbnh:<\/span><\/strong><span>\u00a01,5kg (3kg)<\/span><\/p>\n<p><strong><span>Rgt.No:<\/span><\/strong><span>\u00a0APC \u2013 119<\/span><\/p>\n<p><strong><span>B\u1ea2O QU\u1ea2N<\/span><\/strong><span>\u00a0: N\u01a1i kh\u00f4 m\u00e1t, nhi\u1ec7t \u0111\u1ed9 d\u01b0\u1edbi 30\u00b0C.<\/span><\/p>\n<p><strong><span>CH\u1ec8 D\u00c0NH CHO TH\u00da Y.<\/span><\/strong><\/p>\n<p><strong>S\u1ea3n xu\u1ea5t t\u1ea1i:<\/strong> <strong>C\u00f4ng ty TNHH Thu\u1ed1c Th\u00fa Y \u00c1 Ch\u00e2u.<\/strong><\/p>\n<p><strong>\u0110\u1ecba ch\u1ec9:<\/strong> 130 Qu\u1ed1c l\u1ed9 1A, P. Ba L\u00e1ng, Q. C\u00e1i R\u0103ng, TP. C\u1ea7n Th\u01a1, Vi\u1ec7t Nam.<\/p>\n<p><strong>\u0110i\u1ec7n tho\u1ea1i:<\/strong> <a href=\"tel:+842923913347\">(+84).292.3913347<\/a> &#8211; <a href=\"tel:3913348\">3913348<\/a> &#8211; FAX: (+84).292.3913349<\/p>\n","protected":false},"excerpt":{"rendered":"<p>TR\u1eca R\u1ed0I LO\u1ea0N C\u01a0, M\u1ec6T M\u1eceI ,\u00a0B\u1ed8T\u00a0CUNG C\u1ea4P N\u0102NG L\u01af\u1ee2NG TH\u00c0NH PH\u1ea6N: Canxi cacbonat\u2026\u2026\u2026\u2026\u2026\u2026\u2026\u2026.\u2026\u2026\u00a0212,500 mg Canxi clorua\u2026\u2026\u2026\u2026\u2026\u2026\u2026\u2026\u2026\u2026\u2026.\u2026\u00a015.000 mg Canxi pantothenate\u2026\u2026\u2026\u2026\u2026\u2026\u2026\u2026\u2026\u2026 3.000mg Dextrose monohydrat\u2026\u2026\u2026\u2026\u2026\u2026.\u2026.\u00a0100.000 mg Magi\u00ea\u2026\u2026\u2026\u2026\u2026\u2026\u2026\u2026\u2026\u2026\u2026\u2026\u2026\u2026.\u2026\u00a015.000mg Kali cacbonat\u2026\u2026\u2026\u2026\u2026\u2026\u2026\u2026..\u2026\u2026\u2026 120.000mg Kali clorua\u2026\u2026\u2026\u2026\u2026\u2026\u2026\u2026\u2026..\u2026\u2026\u2026\u2026 24.000mg Kali gluconat\u2026\u2026\u2026\u2026\u2026\u2026\u2026\u2026.\u2026\u2026\u2026\u2026\u00a095.000 mg Natri bicacbonat\u2026\u2026\u2026\u2026\u2026\u2026\u2026\u2026\u2026\u2026\u2026\u00a085.000mg Natri clorid\u2026\u2026\u2026\u2026\u2026\u2026\u2026\u2026\u2026\u2026\u2026\u2026\u2026 250.000mg Vitamin B1\u2026\u2026\u2026\u2026\u2026\u2026\u2026\u2026\u2026\u2026\u2026\u2026\u2026\u2026 2.000mg Vitamin B2\u2026\u2026\u2026\u2026\u2026\u2026\u2026\u2026\u2026\u2026\u2026\u2026\u2026\u2026 2.200mg Vitamin B6\u2026\u2026\u2026\u2026\u2026\u2026\u2026\u2026\u2026\u2026\u2026\u2026\u2026\u2026 2.000mg Vitamin E\u2026\u2026\u2026\u2026\u2026\u2026\u2026\u2026\u2026\u2026\u2026\u2026\u2026\u2026 30.000mg Vitamin C\u2026\u2026\u2026\u2026\u2026\u2026\u2026\u2026\u2026\u2026\u2026\u2026\u2026\u2026 11.250mg T\u00e1 [&hellip;]<\/p>\n","protected":false},"featured_media":10153,"comment_status":"open","ping_status":"closed","template":"","meta":[],"product_cat":[117],"product_tag":[],"_links":{"self":[{"href":"https:\/\/promediccomvn469.chiliweb.org\/vi\/wp-json\/wp\/v2\/product\/10289"}],"collection":[{"href":"https:\/\/promediccomvn469.chiliweb.org\/vi\/wp-json\/wp\/v2\/product"}],"about":[{"href":"https:\/\/promediccomvn469.chiliweb.org\/vi\/wp-json\/wp\/v2\/types\/product"}],"replies":[{"embeddable":true,"href":"https:\/\/promediccomvn469.chiliweb.org\/vi\/wp-json\/wp\/v2\/comments?post=10289"}],"wp:featuredmedia":[{"embeddable":true,"href":"https:\/\/promediccomvn469.chiliweb.org\/vi\/wp-json\/wp\/v2\/media\/10153"}],"wp:attachment":[{"href":"https:\/\/promediccomvn469.chiliweb.org\/vi\/wp-json\/wp\/v2\/media?parent=10289"}],"wp:term":[{"taxonomy":"product_cat","embeddable":true,"href":"https:\/\/promediccomvn469.chiliweb.org\/vi\/wp-json\/wp\/v2\/product_cat?post=10289"},{"taxonomy":"product_tag","embeddable":true,"href":"https:\/\/promediccomvn469.chiliweb.org\/vi\/wp-json\/wp\/v2\/product_tag?post=10289"}],"curies":[{"name":"wp","href":"https:\/\/api.w.org\/{rel}","templated":true}]}}