{"id":10294,"date":"2022-12-04T05:54:41","date_gmt":"2022-12-04T05:54:41","guid":{"rendered":"http:\/\/promediccomvn469.chiliweb.org\/san-pham\/e-sel-h-2\/"},"modified":"2022-12-07T11:28:37","modified_gmt":"2022-12-07T11:28:37","slug":"e-sel-h-2","status":"publish","type":"product","link":"https:\/\/promediccomvn469.chiliweb.org\/vi\/san-pham\/e-sel-h-2\/","title":{"rendered":"E.sel \u2013 h"},"content":{"rendered":"<p><strong>B\u1ed8T H\u00d2A TAN <\/strong><strong>MAU L\u00caN GI\u1ed0NG \u2013 D\u01af\u1ee0NG THAI <\/strong><strong>T\u0102NG S\u1ed0 L\u01af\u1ee2NG TR\u1ee8NG, T\u1ec8 L\u1ec6 \u1ea4P N\u1ede<\/strong><\/p>\n<p><strong>TH\u00c0NH PH\u1ea6N NGUY\u00caN LI\u1ec6U<\/strong>: vitamin E, vitamin C, vitamin H (biotin), sodium selenite, \u0111\u01b0\u1eddng maltodextrin.<\/p>\n<p><strong>CH\u1ec8 TI\u00caU CH\u1ea4T L\u01af\u1ee2NG:<\/strong><\/p>\n<ul>\n<li>*Vitamin E (min)&#8230;&#8230;&#8230;&#8230;&#8230;&#8230;&#8230;&#8230;&#8230;&#8230;&#8230;&#8230;&#8230;&#8230;&#8230;&#8230;. 1g<\/li>\n<li>Vitamin C (min)&#8230;&#8230;&#8230;&#8230;&#8230;&#8230;&#8230;&#8230;&#8230;&#8230;&#8230;&#8230;&#8230;&#8230;&#8230;&#8230;.. 1g<\/li>\n<li>Vitamin H (Biotin) (min)&#8230;&#8230;&#8230;&#8230;&#8230;&#8230;&#8230;&#8230;&#8230;&#8230;&#8230;.. 3mg<\/li>\n<li>*Selen (min \u2013 max) &#8230;&#8230;&#8230;&#8230;&#8230;&#8230;&#8230;&#8230;&#8230;.. 70-110 mcg<\/li>\n<li>Ch\u1ea5t c\u1ea5m&#8230;&#8230;&#8230;&#8230;&#8230;&#8230;&#8230;&#8230;&#8230;&#8230;&#8230;&#8230;&#8230;&#8230;&#8230;&#8230;. Kh\u00f4ng c\u00f3<\/li>\n<li>C\u00e1t, s\u1ea1n (max)&#8230;&#8230;&#8230;&#8230;&#8230;&#8230;&#8230;&#8230;&#8230;&#8230;&#8230;&#8230;&#8230;&#8230;&#8230;.. 0,5%<\/li>\n<li>Ch\u1ea5t mang (maltodextrin) v\u1eeba \u0111\u1ee7&#8230;&#8230;&#8230;&#8230;&#8230;&#8230; 100g<\/li>\n<\/ul>\n<p>(*): Ch\u1ea5t ch\u00ednh<\/p>\n<p><strong>C\u00d4NG D\u1ee4NG:<\/strong> Premix vitamin v\u00e0 kho\u00e1ng d\u00f9ng cho gia s\u00fac \u2013 gia c\u1ea7m<\/p>\n<p><strong>\u0110\u1eb6C T\u00cdNH S\u1ea2N PH\u1ea8M:<\/strong><\/p>\n<p>H\u1ed7 tr\u1ee3 ng\u0103n ng\u1eeba c\u00e1c b\u1ec7nh do thi\u1ebfu Vitamin E, Biotin v\u00e0 Se \u1edf gia s\u00fac, gia c\u1ea7m nh\u1eb1m:<\/p>\n<ul>\n<li>Gi\u00fap heo n\u00e1i l\u00ean gi\u1ed1ng nhanh, t\u0103ng kh\u1ea3 n\u0103ng \u0111\u1eadu thai. Gi\u00fap heo \u0111\u1ef1c kh\u1ecfe m\u1ea1nh, t\u0103ng ch\u1ea5t l\u01b0\u1ee3ng v\u00e0 s\u1ed1 l\u01b0\u1ee3ng tinh tr\u00f9ng.<\/li>\n<li>Gi\u00fap gia c\u1ea7m t\u0103ng t\u1ef7 l\u1ec7 \u1ea5p n\u1edf, l\u00ean m\u00e0o \u2013 t\u00edch, bung c\u1ef1a.<\/li>\n<li>Gi\u1ea3m c\u00e1c tri\u1ec7u ch\u1ee9ng teo c\u01a1, lo\u1ea1n d\u01b0\u1ee1ng c\u01a1 v\u00e0 b\u1ec7nh nh\u0169ng n\u00e3o \u1edf gia c\u1ea7m.<\/li>\n<li>T\u0103ng s\u1ea3n l\u01b0\u1ee3ng s\u1eefa v\u00e0 ch\u1ea5t l\u01b0\u1ee3ng s\u1eefa.<\/li>\n<li>T\u0103ng ch\u1ea5t l\u01b0\u1ee3ng tr\u1ee9ng v\u00e0 s\u1ed1 l\u01b0\u1ee3ng tr\u1ee9ng.<\/li>\n<li>Gi\u1eef m\u00e0u \u0111\u1ecf c\u1ee7a th\u1ecbt t\u01b0\u01a1i l\u00e2u h\u01a1n v\u00e0 ko b\u1ecb r\u1ec9 n\u01b0\u1edbc.<\/li>\n<li>T\u0103ng c\u01b0\u1eddng s\u1ee9c \u0111\u1ec1 kh\u00e1ng.<\/li>\n<\/ul>\n<p><strong>LI\u1ec0U<\/strong><strong> V\u00c0 C\u00c1CH <\/strong><strong>D\u00d9NG:<\/strong><\/p>\n<p>Tr\u1ed9n v\u00e0o th\u1ee9c ho\u1eb7c pha v\u00e0o n\u01b0\u1edbc u\u1ed1ng.<\/p>\n<ul>\n<li><strong>Gia c\u1ea7m: <\/strong>\n<ul>\n<li><strong>Gia c\u1ea7m nu\u00f4i l\u1ea5y th\u1ecbt:<\/strong> 1-1,5g\/2 l\u00edt n\u01b0\u1edbc cho u\u1ed1ng ho\u1eb7c 1-1,5g\/1kg th\u1ee9c \u0103n, d\u00f9ng li\u00ean t\u1ee5c 5-20 ng\u00e0y tr\u01b0\u1edbc khi xu\u1ea5t b\u00e1n.<\/li>\n<li><strong>Gia c\u1ea7m nu\u00f4i l\u1ea5y tr\u1ee9ng:<\/strong>\n<ul>\n<li>Giai \u0111o\u1ea1n 1-20 ng\u00e0y tu\u1ed5i: 1-1,5g\/1 l\u00edt n\u01b0\u1edbc u\u1ed1ng ho\u1eb7c 1-1,5g\/1kg th\u1ee9c \u0103n.<\/li>\n<li>Giai \u0111o\u1ea1n \u0111\u1ebb tr\u1ee9ng: 1g\/2 l\u00edt n\u01b0\u1edbc u\u1ed1ng ho\u1eb7c 1g\/2kg th\u1ee9c \u0103n.<\/li>\n<\/ul>\n<\/li>\n<\/ul>\n<\/li>\n<li><strong>Heo: <\/strong>\n<ul>\n<li><strong>Heo th\u1ecbt: <\/strong>1g\/ 30-40kg th\u1ec3 tr\u1ecdng pha n\u01b0\u1edbc u\u1ed1ng ho\u1eb7c tr\u1ed9n th\u1ee9c \u0103n, cho \u0103n li\u00ean t\u1ee5c 5-20 ng\u00e0y tr\u01b0\u1edbc khi xu\u1ea5t b\u00e1n.<\/li>\n<li><strong>Heo sinh<\/strong><strong> s\u1ea3n<\/strong><strong>:<\/strong> 25g\/con, li\u00ean t\u1ee5c 4 ng\u00e0y tr\u01b0\u1edbc khi ph\u1ed1i gi\u1ed1ng ho\u1eb7c tr\u01b0\u1edbc khi cai s\u1eefa cho heo con.<\/li>\n<li><strong>Trong th\u1eddi gian mang thai:<\/strong> 100g\/100kg th\u1ee9c \u0103n.<\/li>\n<li><strong>T\u0103ng s\u1ea3n l\u01b0\u1ee3ng s\u1eefa:<\/strong> 5g\/1kg th\u1ee9c \u0103n, s\u1eed d\u1ee5ng li\u00ean t\u1ee5c trong giai \u0111o\u1ea1n nu\u00f4i con.<\/li>\n<\/ul>\n<\/li>\n<li><strong>Tr\u00e2u, b\u00f2: <\/strong>1g\/ 30-40kg th\u1ec3 tr\u1ecdng pha n\u01b0\u1edbc u\u1ed1ng ho\u1eb7c tr\u1ed9n th\u1ee9c \u0103n tinh. D\u00f9ng li\u00ean t\u1ee5c 7-10 ng\u00e0y.<\/li>\n<\/ul>\n<p><strong>Kh\u1ed1i l\u01b0\u1ee3ng t\u1ecbnh:<\/strong><\/p>\n<p><strong>CH\u1ec8 D\u00d9NG TRONG CH\u0102N NU\u00d4I<\/strong><\/p>\n<p>B\u1ea3o qu\u1ea3n n\u01a1i kh\u00f4 tho\u00e1ng, nhi\u1ec7t \u0111\u1ed9 kh\u00f4ng qu\u00e1 30\u00b0C<\/p>\n<p>S\u1ed1 TCCS 05:2020\/AC.CT<\/p>\n<p><strong>S\u1ea3n xu\u1ea5t t\u1ea1i:<\/strong> <strong>C\u00f4ng ty TNHH Thu\u1ed1c Th\u00fa Y \u00c1 Ch\u00e2u.<\/strong><\/p>\n<p><strong>\u0110\u1ecba ch\u1ec9:<\/strong> 130 Qu\u1ed1c l\u1ed9 1A, P.Ba L\u00e1ng, Q.C\u00e1i R\u0103ng, TP. C\u1ea7n Th\u01a1, Vi\u1ec7t Nam.<\/p>\n<p><strong>\u0110i\u1ec7n tho\u1ea1i:<\/strong> <a href=\"tel:+842923913347\">(+84).292.3913347<\/a> &#8211; <a href=\"tel:3913348\">3913348<\/a> &#8211; FAX: (+84).292.3913349<\/p>\n","protected":false},"excerpt":{"rendered":"<p>B\u1ed8T H\u00d2A TAN MAU L\u00caN GI\u1ed0NG \u2013 D\u01af\u1ee0NG THAI T\u0102NG S\u1ed0 L\u01af\u1ee2NG TR\u1ee8NG, T\u1ec8 L\u1ec6 \u1ea4P N\u1ede TH\u00c0NH PH\u1ea6N NGUY\u00caN LI\u1ec6U: vitamin E, vitamin C, vitamin H (biotin), sodium selenite, \u0111\u01b0\u1eddng maltodextrin. CH\u1ec8 TI\u00caU CH\u1ea4T L\u01af\u1ee2NG: *Vitamin E (min)&#8230;&#8230;&#8230;&#8230;&#8230;&#8230;&#8230;&#8230;&#8230;&#8230;&#8230;&#8230;&#8230;&#8230;&#8230;&#8230;. 1g Vitamin C (min)&#8230;&#8230;&#8230;&#8230;&#8230;&#8230;&#8230;&#8230;&#8230;&#8230;&#8230;&#8230;&#8230;&#8230;&#8230;&#8230;.. 1g Vitamin H (Biotin) (min)&#8230;&#8230;&#8230;&#8230;&#8230;&#8230;&#8230;&#8230;&#8230;&#8230;&#8230;.. 3mg *Selen (min \u2013 max) &#8230;&#8230;&#8230;&#8230;&#8230;&#8230;&#8230;&#8230;&#8230;.. 70-110 [&hellip;]<\/p>\n","protected":false},"featured_media":10134,"comment_status":"open","ping_status":"closed","template":"","meta":[],"product_cat":[117],"product_tag":[],"_links":{"self":[{"href":"https:\/\/promediccomvn469.chiliweb.org\/vi\/wp-json\/wp\/v2\/product\/10294"}],"collection":[{"href":"https:\/\/promediccomvn469.chiliweb.org\/vi\/wp-json\/wp\/v2\/product"}],"about":[{"href":"https:\/\/promediccomvn469.chiliweb.org\/vi\/wp-json\/wp\/v2\/types\/product"}],"replies":[{"embeddable":true,"href":"https:\/\/promediccomvn469.chiliweb.org\/vi\/wp-json\/wp\/v2\/comments?post=10294"}],"wp:featuredmedia":[{"embeddable":true,"href":"https:\/\/promediccomvn469.chiliweb.org\/vi\/wp-json\/wp\/v2\/media\/10134"}],"wp:attachment":[{"href":"https:\/\/promediccomvn469.chiliweb.org\/vi\/wp-json\/wp\/v2\/media?parent=10294"}],"wp:term":[{"taxonomy":"product_cat","embeddable":true,"href":"https:\/\/promediccomvn469.chiliweb.org\/vi\/wp-json\/wp\/v2\/product_cat?post=10294"},{"taxonomy":"product_tag","embeddable":true,"href":"https:\/\/promediccomvn469.chiliweb.org\/vi\/wp-json\/wp\/v2\/product_tag?post=10294"}],"curies":[{"name":"wp","href":"https:\/\/api.w.org\/{rel}","templated":true}]}}