{"id":10301,"date":"2022-12-04T04:32:56","date_gmt":"2022-12-04T04:32:56","guid":{"rendered":"http:\/\/promediccomvn469.chiliweb.org\/san-pham\/men-tieu-hoa-2\/"},"modified":"2022-12-07T11:35:39","modified_gmt":"2022-12-07T11:35:39","slug":"men-tieu-hoa-2","status":"publish","type":"product","link":"https:\/\/promediccomvn469.chiliweb.org\/vi\/san-pham\/men-tieu-hoa-2\/","title":{"rendered":"Men ti\u00eau h\u00f3a"},"content":{"rendered":"<p><strong>TH\u00c0NH PH\u1ea6N:\u00a0<\/strong><em>Bacillus subtilis,\u00a0<\/em><em>L\u00a0<\/em><em>actobacillus sporogenes\u00a0<\/em><em>.<\/em><\/p>\n<p><strong>C\u00d4NG TH\u1ee8C:<\/strong><\/p>\n<ul>\n<li>Lactobacillus sporogenes (t\u1ed1i thi\u1ec3u)\u2026\u2026\u2026\u2026\u2026\u2026\u2026\u2026.. 10\u00a0<sup>9<\/sup>\u00a0CFU<\/li>\n<li>Bacillus subtilis (t\u1ed1i thi\u1ec3u)\u2026\u2026\u2026\u2026\u2026\u2026\u2026\u2026\u2026\u2026\u2026\u2026\u2026\u2026 10\u00a0<sup>9<\/sup>\u00a0CFU<\/li>\n<li>Kh\u00e1ng sinh v\u00e0 n\u1ed9i ti\u1ebft t\u1ed1\u2026\u2026\u2026\u2026\u2026\u2026\u2026\u2026\u2026\u2026\u2026\u2026\u2026\u2026\u2026 kh\u00f4ng c\u00f3<\/li>\n<li>Ch\u1ea5t mang qs\u2026\u2026\u2026\u2026\u2026\u2026\u2026\u2026\u2026\u2026\u2026\u2026\u2026\u2026\u2026\u2026\u2026\u2026\u2026\u2026\u2026.. 1kg<\/li>\n<\/ul>\n<p><strong>C\u00d4NG D\u1ee4NG: MEN TI\u00caU H\u00d3A<\/strong><strong>\u00a0<\/strong>\u00a0l\u00e0 men vi sinh \u0111\u01b0\u1ee3c b\u1ed5 sung v\u00e0o th\u1ee9c \u0103n th\u00f4 nh\u01b0 b\u1ed9t b\u1eafp, b\u1ed9t khoai, c\u00e1m g\u1ea1o, b\u00e3 s\u1eafn,\u2026 nh\u1eb1m cung c\u1ea5p h\u1ec7 vi sinh v\u1eadt c\u00f3 l\u1ee3i.\u00a0\u1ee6 th\u1ee9c \u0103n b\u1eb1ng men vi sinh gi\u00fap v\u1eadt nu\u00f4i t\u0103ng c\u01b0\u1eddng kh\u1ea3 n\u0103ng ti\u00eau h\u00f3a v\u00e0 h\u1ea5p thu n\u00ean g\u00f3p ph\u1ea7n gi\u1ea3m thi\u1ec3u c\u00e1c b\u1ec7nh \u0111\u01b0\u1eddng ru\u1ed9t \u1edf gia s\u00fac, gia c\u1ea7m c\u0169ng nh\u01b0 gi\u1ea3m chi ph\u00ed th\u1ee9c \u0103n ch\u0103n nu\u00f4i.<\/p>\n<p><strong>LI\u1ec0U L\u01af\u1ee2NG V\u00c0 C\u00c1CH D\u00d9NG:<\/strong><\/p>\n<p><strong>*H\u01b0\u1edbng d\u1eabn \u1ee7:<\/strong><\/p>\n<table>\n<tbody>\n<tr>\n<td width=\"241\"><strong>Th\u00e0nh ph\u1ea7n<\/strong><\/td>\n<td width=\"165\"><strong>C\u00f4ng th\u1ee9c s\u1ed1 1<\/strong><\/td>\n<td width=\"153\"><strong>C\u00f4ng th\u1ee9c s\u1ed1 2<\/strong><\/td>\n<\/tr>\n<tr>\n<td width=\"241\"><strong>MEN TI\u00caU HO\u00c1<\/strong><\/td>\n<td width=\"165\">100g<\/td>\n<td width=\"153\">100g<\/td>\n<\/tr>\n<tr>\n<td width=\"241\"><strong>U\u1ed1ng n\u01b0\u1edbc<\/strong><\/td>\n<td width=\"165\">10-12 l\u00edt<\/td>\n<td width=\"153\">10-12 l\u00edt<\/td>\n<\/tr>\n<tr>\n<td width=\"241\"><strong>B\u1ed9t ng\u00f4<\/strong><\/td>\n<td width=\"165\">13,5kg<\/td>\n<td width=\"153\">20kg<\/td>\n<\/tr>\n<tr>\n<td width=\"241\"><strong>B\u00e3 s\u1eafn<\/strong><\/td>\n<td width=\"165\">4kg<\/td>\n<td width=\"153\">\u2013<\/td>\n<\/tr>\n<tr>\n<td width=\"241\"><strong>C\u00e1m g\u1ea1o<\/strong><\/td>\n<td width=\"165\">2,5kg<\/td>\n<td width=\"153\">\u2013<\/td>\n<\/tr>\n<\/tbody>\n<\/table>\n<ul>\n<li>B\u01b0\u1edbc 1: Pha 100g s\u1ea3n ph\u1ea9m v\u00e0o 10-12 l\u00edt n\u01b0\u1edbc u\u1ed1ng r\u1ed3i cho v\u00e0o h\u1ed7n h\u1ee3p b\u1ed9t b\u1eafp, (b\u00e3 s\u1eafn v\u00e0 c\u00e1m g\u1ea1o n\u1ebfu c\u00f3).\u00a0Tr\u1ed9n k\u1ef9 h\u1ed7n h\u1ee3p tr\u00ean v\u00e0 \u0111\u1ec3 y\u00ean trong 3 gi\u1edd.<\/li>\n<li>B\u01b0\u1edbc 2: Cho h\u1ed7n h\u1ee3p v\u00e0o t\u00fai ni l\u00f4ng ho\u1eb7c h\u1ed9p \u0111\u1ef1ng.\u00a0Sau khi m\u1edf 4-5 gi\u1edd ph\u1ea3i \u0111\u1eady k\u00edn, kh\u00f4ng \u00e9p.<\/li>\n<li>B\u01b0\u1edbc 3: \u1ee6 24-36h (m\u00f9a h\u00e8), 36-48h (m\u00f9a \u0111\u00f4ng).\u00a0Trong th\u1eddi gian \u1ee7 kh\u00f4ng \u0111\u01b0\u1ee3c m\u1edf n\u1eafp.\u00a0Khi \u1ee7 xong s\u1ea3n ph\u1ea9m c\u00f3 m\u00f9i th\u01a1m \u0111\u1eb7c tr\u01b0ng.<\/li>\n<\/ul>\n<p><strong>*H\u01b0\u1edbng d\u1eabn cho \u0103n:<\/strong>\u00a0D\u00f9ng h\u00e0ng ng\u00e0y cho gia s\u00fac, gia c\u1ea7m theo 2 c\u00e1ch sau<\/p>\n<ul>\n<li>Cho \u0103n tr\u1ef1c ti\u1ebfp sau khi \u1ee7.<\/li>\n<li>Ph\u1ed1i tr\u1ed9n v\u1edbi th\u1ee9c \u0103n: 200kg th\u1ee9c \u0103n \u1ee7\/ 70-100kg th\u1ee9c \u0103n.<\/li>\n<\/ul>\n<p><strong>*Ghi ch\u00fa:<\/strong><\/p>\n<ul>\n<li>S\u1eed d\u1ee5ng s\u1ea3n ph\u1ea9m trong v\u00f2ng m\u1ed9t ng\u00e0y sau khi m\u1edf n\u1eafp.<\/li>\n<li>Kh\u00f4ng tr\u1ed9n kh\u00e1ng sinh trong qu\u00e1 tr\u00ecnh \u1ee7 \u0111\u1ec3 tr\u00e1nh l\u00e0m gi\u1ea3m qu\u00e1 tr\u00ecnh l\u00ean men.<\/li>\n<\/ul>\n<p><strong>B\u1ea3o qu\u1ea3n\u00a0<\/strong><strong>:<\/strong>\u00a0N\u01a1i kh\u00f4 m\u00e1t, nhi\u1ec7t \u0111\u1ed9 d\u01b0\u1edbi 30\u00b0C<\/p>\n<p><strong>Kh\u1ed1i l\u01b0\u1ee3ng t\u1ecbnh: 1kg<\/strong><\/p>\n<p><strong>Rgt.No: TCCS 09:2012\/AC.CT<\/strong><\/p>\n<p><strong>CH\u1ec8 D\u00c0NH CHO TH\u00da Y<\/strong><\/p>\n<p><strong>S\u1ea3n xu\u1ea5t t\u1ea1i:<\/strong> <strong>C\u00f4ng ty TNHH Thu\u1ed1c Th\u00fa Y \u00c1 Ch\u00e2u.<\/strong><\/p>\n<p><strong>\u0110\u1ecba ch\u1ec9:<\/strong> 130 Qu\u1ed1c l\u1ed9 1A, P.Ba L\u00e1ng, Q.C\u00e1i R\u0103ng, TP. C\u1ea7n Th\u01a1, Vi\u1ec7t Nam.<\/p>\n<p><strong>\u0110i\u1ec7n tho\u1ea1i:<\/strong> <a href=\"tel:+842923913347\">(+84).292.3913347<\/a> &#8211; <a href=\"tel:3913348\">3913348<\/a> &#8211; FAX: (+84).292.3913349<\/p>\n","protected":false},"excerpt":{"rendered":"<p>TH\u00c0NH PH\u1ea6N:\u00a0Bacillus subtilis,\u00a0L\u00a0actobacillus sporogenes\u00a0. C\u00d4NG TH\u1ee8C: Lactobacillus sporogenes (t\u1ed1i thi\u1ec3u)\u2026\u2026\u2026\u2026\u2026\u2026\u2026\u2026.. 10\u00a09\u00a0CFU Bacillus subtilis (t\u1ed1i thi\u1ec3u)\u2026\u2026\u2026\u2026\u2026\u2026\u2026\u2026\u2026\u2026\u2026\u2026\u2026\u2026 10\u00a09\u00a0CFU Kh\u00e1ng sinh v\u00e0 n\u1ed9i ti\u1ebft t\u1ed1\u2026\u2026\u2026\u2026\u2026\u2026\u2026\u2026\u2026\u2026\u2026\u2026\u2026\u2026\u2026 kh\u00f4ng c\u00f3 Ch\u1ea5t mang qs\u2026\u2026\u2026\u2026\u2026\u2026\u2026\u2026\u2026\u2026\u2026\u2026\u2026\u2026\u2026\u2026\u2026\u2026\u2026\u2026\u2026.. 1kg C\u00d4NG D\u1ee4NG: MEN TI\u00caU H\u00d3A\u00a0\u00a0l\u00e0 men vi sinh \u0111\u01b0\u1ee3c b\u1ed5 sung v\u00e0o th\u1ee9c \u0103n th\u00f4 nh\u01b0 b\u1ed9t b\u1eafp, b\u1ed9t khoai, c\u00e1m g\u1ea1o, b\u00e3 s\u1eafn,\u2026 nh\u1eb1m cung c\u1ea5p [&hellip;]<\/p>\n","protected":false},"featured_media":10108,"comment_status":"open","ping_status":"closed","template":"","meta":[],"product_cat":[114],"product_tag":[],"_links":{"self":[{"href":"https:\/\/promediccomvn469.chiliweb.org\/vi\/wp-json\/wp\/v2\/product\/10301"}],"collection":[{"href":"https:\/\/promediccomvn469.chiliweb.org\/vi\/wp-json\/wp\/v2\/product"}],"about":[{"href":"https:\/\/promediccomvn469.chiliweb.org\/vi\/wp-json\/wp\/v2\/types\/product"}],"replies":[{"embeddable":true,"href":"https:\/\/promediccomvn469.chiliweb.org\/vi\/wp-json\/wp\/v2\/comments?post=10301"}],"wp:featuredmedia":[{"embeddable":true,"href":"https:\/\/promediccomvn469.chiliweb.org\/vi\/wp-json\/wp\/v2\/media\/10108"}],"wp:attachment":[{"href":"https:\/\/promediccomvn469.chiliweb.org\/vi\/wp-json\/wp\/v2\/media?parent=10301"}],"wp:term":[{"taxonomy":"product_cat","embeddable":true,"href":"https:\/\/promediccomvn469.chiliweb.org\/vi\/wp-json\/wp\/v2\/product_cat?post=10301"},{"taxonomy":"product_tag","embeddable":true,"href":"https:\/\/promediccomvn469.chiliweb.org\/vi\/wp-json\/wp\/v2\/product_tag?post=10301"}],"curies":[{"name":"wp","href":"https:\/\/api.w.org\/{rel}","templated":true}]}}